{"id":26,"date":"2011-09-05T20:00:28","date_gmt":"2011-09-05T20:00:28","guid":{"rendered":"https:\/\/2011.paris.wordcamp.org\/?page_id=26"},"modified":"2013-06-21T11:26:26","modified_gmt":"2013-06-21T09:26:26","slug":"orateurs","status":"publish","type":"page","link":"https:\/\/paris.wordcamp.org\/2011\/orateurs\/","title":{"rendered":"Orateurs"},"content":{"rendered":"<p>Vous aurez l&rsquo;occasion de voir les pr\u00e9sentations des orateurs suivants lors de ce WordCamp Paris 2011.<\/p>\n\n\t\t<div class=\"cpt-loop speaker-gravatar-list clearfix\">\n\t\t\t<p>\n\t\t\t\t\t\t\t<a href='#aurelien-denis' title='Aur\u00e9lien Denis'><img alt='' src='https:\/\/secure.gravatar.com\/avatar\/99bbba265cdba812e67d207e908820747a996a56d2eeb2e8b85acd2711ee90f8?s=48&#038;d=mm&#038;r=g' srcset='https:\/\/secure.gravatar.com\/avatar\/99bbba265cdba812e67d207e908820747a996a56d2eeb2e8b85acd2711ee90f8?s=96&#038;d=mm&#038;r=g 2x' class='avatar avatar-48 photo' height='48' width='48' \/><\/a>\t\t\t\t\t\t\t<a href='#benjamin-lupu' title='Benjamin Lupu'><img alt='' src='https:\/\/secure.gravatar.com\/avatar\/bf8f876897b2261587545bd2066933763a8b271be1e4b87c3996c9f0734adb87?s=48&#038;d=mm&#038;r=g' srcset='https:\/\/secure.gravatar.com\/avatar\/bf8f876897b2261587545bd2066933763a8b271be1e4b87c3996c9f0734adb87?s=96&#038;d=mm&#038;r=g 2x' class='avatar avatar-48 photo' height='48' width='48' \/><\/a>\t\t\t\t\t\t\t<a href='#benjamin-niess' title='Benjamin Niess'><img alt='' src='https:\/\/secure.gravatar.com\/avatar\/3af6bf0aa6e7c6b2dcb3078701827f5a54a91044b1b58a05630863ca4ad2f22d?s=48&#038;d=mm&#038;r=g' srcset='https:\/\/secure.gravatar.com\/avatar\/3af6bf0aa6e7c6b2dcb3078701827f5a54a91044b1b58a05630863ca4ad2f22d?s=96&#038;d=mm&#038;r=g 2x' class='avatar avatar-48 photo' height='48' width='48' \/><\/a>\t\t\t\t\t\t\t<a href='#francis-chouquet' title='Francis Chouquet'><img alt='' src='https:\/\/secure.gravatar.com\/avatar\/845b8cb0ab941c53dd281bfba9835561c0eb4b583ec887e454951a70551c6875?s=48&#038;d=mm&#038;r=g' srcset='https:\/\/secure.gravatar.com\/avatar\/845b8cb0ab941c53dd281bfba9835561c0eb4b583ec887e454951a70551c6875?s=96&#038;d=mm&#038;r=g 2x' class='avatar avatar-48 photo' height='48' width='48' \/><\/a>\t\t\t\t\t\t\t<a href='#julio-potier' title='Julio Potier'><img alt='' src='https:\/\/secure.gravatar.com\/avatar\/7f2fd2d51c2450990cb3fdfa75946d75b665b9d2bb1ddda8219009089163e321?s=48&#038;d=mm&#038;r=g' srcset='https:\/\/secure.gravatar.com\/avatar\/7f2fd2d51c2450990cb3fdfa75946d75b665b9d2bb1ddda8219009089163e321?s=96&#038;d=mm&#038;r=g 2x' class='avatar avatar-48 photo' height='48' width='48' \/><\/a>\t\t\t\t\t\t\t<a href='#michel-valdrighi' title='Michel Valdrighi'><img alt='' src='https:\/\/secure.gravatar.com\/avatar\/d99021545a7201a48242bcaf472577e62288f0c89e53f6b833a47105f619fcf1?s=48&#038;d=mm&#038;r=g' srcset='https:\/\/secure.gravatar.com\/avatar\/d99021545a7201a48242bcaf472577e62288f0c89e53f6b833a47105f619fcf1?s=96&#038;d=mm&#038;r=g 2x' class='avatar avatar-48 photo' height='48' width='48' \/><\/a>\t\t\t\t\t\t\t<a href='#nicolas-juen' title='Nicolas Juen'><img alt='' src='https:\/\/secure.gravatar.com\/avatar\/a0bfa1a9c6e19765563b5c64e77d0ab0ebb58f8b90a094375990c9fd7dfb608c?s=48&#038;d=mm&#038;r=g' srcset='https:\/\/secure.gravatar.com\/avatar\/a0bfa1a9c6e19765563b5c64e77d0ab0ebb58f8b90a094375990c9fd7dfb608c?s=96&#038;d=mm&#038;r=g 2x' class='avatar avatar-48 photo' height='48' width='48' \/><\/a>\t\t\t\t\t\t\t<a href='#pierre-couzy' title='Pierre Couzy'><img alt='' src='https:\/\/secure.gravatar.com\/avatar\/d28d33e58db6248909d2599180e62b371dda4f216719f1f883f408ec4e3de3f3?s=48&#038;d=mm&#038;r=g' srcset='https:\/\/secure.gravatar.com\/avatar\/d28d33e58db6248909d2599180e62b371dda4f216719f1f883f408ec4e3de3f3?s=96&#038;d=mm&#038;r=g 2x' class='avatar avatar-48 photo' height='48' width='48' \/><\/a>\t\t\t\t\t\t<\/p>\n\t\t<\/div>\n\n\t\t\t\t\n\t\t<div class=\"cpt-loop speakers\">\n\t\t\t<div class=\"grid_6 alpha\">\n\n\t\t\t\t\n\t\t\t\t\t\n\t\t\t\t\t<div id=\"aurelien-denis\" class=\"speaker clearfix odd post-311 wcb_speaker type-wcb_speaker status-publish hentry\" >\n\t\t\t\t\t\t<h3 class=\"entry-title speaker-name\">Aur\u00e9lien Denis<\/h3>\n\t\t\t\t\t\t<div class=\"entry-content speaker-bio\">\n\t\t\t\t\t\t<img alt='' src='https:\/\/secure.gravatar.com\/avatar\/99bbba265cdba812e67d207e908820747a996a56d2eeb2e8b85acd2711ee90f8?s=102&#038;d=mm&#038;r=g' srcset='https:\/\/secure.gravatar.com\/avatar\/99bbba265cdba812e67d207e908820747a996a56d2eeb2e8b85acd2711ee90f8?s=204&#038;d=mm&#038;r=g 2x' class='avatar avatar-102 photo' height='102' width='102' \/><p>Aur\u00e9lien Denis est le fondateur du projet <a href=\"http:\/\/www.wpchannel.com\">WordPress Channel<\/a> proposant tutoriels et podcasts librement t\u00e9l\u00e9chargeables. En 2010, il fonde Neticpro, une agence Web sp\u00e9cialis\u00e9e WordPress. Il est aussi co-fondateur du site <a href=\"http:\/\/www.protuts.net\">Protuts.net<\/a> (tutoriels PC\/Mac\/Linux) et community manager pour l&rsquo;Imagine Cup 2011\/2012, une comp\u00e9tition mondiale organis\u00e9e par Microsoft.<\/p>\n\t\t\t\t\t\t<\/div>\n\t\t\t\t\t<\/div>\n\t\t\t\t\n\t\t\t\t\t\n\t\t\t\t\t<div id=\"benjamin-lupu\" class=\"speaker clearfix even post-413 wcb_speaker type-wcb_speaker status-publish hentry\" >\n\t\t\t\t\t\t<h3 class=\"entry-title speaker-name\">Benjamin Lupu<\/h3>\n\t\t\t\t\t\t<div class=\"entry-content speaker-bio\">\n\t\t\t\t\t\t<img alt='' src='https:\/\/secure.gravatar.com\/avatar\/bf8f876897b2261587545bd2066933763a8b271be1e4b87c3996c9f0734adb87?s=102&#038;d=mm&#038;r=g' srcset='https:\/\/secure.gravatar.com\/avatar\/bf8f876897b2261587545bd2066933763a8b271be1e4b87c3996c9f0734adb87?s=204&#038;d=mm&#038;r=g 2x' class='avatar avatar-102 photo' height='102' width='102' \/><p>Benjamin Lupu est Directeur des services num\u00e9riques pour le march\u00e9 des collectivit\u00e9s locales et de l&#8217;emploi pour le groupe Moniteur. Il dirige des projets web depuis 1999, en gestion de contenu, strat\u00e9gie \u00e9ditoriale et architecture de l&rsquo;information. Il d\u00e9ploie WordPress depuis 2008 et y a trouv\u00e9 un outil \u00e0 taille humaine, flexible et centr\u00e9 sur l&rsquo;utilisateur.<\/p>\n\t\t\t\t\t\t<\/div>\n\t\t\t\t\t<\/div>\n\t\t\t\t\n\t\t\t\t\t\n\t\t\t\t\t<div id=\"benjamin-niess\" class=\"speaker clearfix odd post-512 wcb_speaker type-wcb_speaker status-publish hentry\" >\n\t\t\t\t\t\t<h3 class=\"entry-title speaker-name\">Benjamin Niess<\/h3>\n\t\t\t\t\t\t<div class=\"entry-content speaker-bio\">\n\t\t\t\t\t\t<img alt='' src='https:\/\/secure.gravatar.com\/avatar\/3af6bf0aa6e7c6b2dcb3078701827f5a54a91044b1b58a05630863ca4ad2f22d?s=102&#038;d=mm&#038;r=g' srcset='https:\/\/secure.gravatar.com\/avatar\/3af6bf0aa6e7c6b2dcb3078701827f5a54a91044b1b58a05630863ca4ad2f22d?s=204&#038;d=mm&#038;r=g 2x' class='avatar avatar-102 photo' height='102' width='102' \/><p>Benjamin Niess est d\u00e9veloppeur WordPress chez BeApi depuis 1 an. Sp\u00e9cialis\u00e9 dans le CMS WordPress, il a actuellement 5 extensions dans le r\u00e9pertoire officiel et ma\u00eetrise l\u2019outil depuis 3 ans. Parall\u00e8lement, Benjamin r\u00e9alise des prestations WordPress par le biais de l\u2019auto-entrepreneuriat.<\/p>\n\t\t\t\t\t\t<\/div>\n\t\t\t\t\t<\/div>\n\t\t\t\t\n\t\t\t\t\t\n\t\t\t\t\t<div id=\"francis-chouquet\" class=\"speaker clearfix even post-248 wcb_speaker type-wcb_speaker status-publish hentry\" >\n\t\t\t\t\t\t<h3 class=\"entry-title speaker-name\">Francis Chouquet<\/h3>\n\t\t\t\t\t\t<div class=\"entry-content speaker-bio\">\n\t\t\t\t\t\t<img alt='' src='https:\/\/secure.gravatar.com\/avatar\/845b8cb0ab941c53dd281bfba9835561c0eb4b583ec887e454951a70551c6875?s=102&#038;d=mm&#038;r=g' srcset='https:\/\/secure.gravatar.com\/avatar\/845b8cb0ab941c53dd281bfba9835561c0eb4b583ec887e454951a70551c6875?s=204&#038;d=mm&#038;r=g 2x' class='avatar avatar-102 photo' height='102' width='102' \/><p>Web Designer depuis 2006, Francis\u00a0propose des\u00a0tutoriels sur son blog (<a href=\"http:\/\/www.fran6art.com\">www.fran6art.com<\/a>), ainsi qu&rsquo;un DVD de formation (Elephorm). Il est \u00e9galement le co-auteur du livre \u00ab\u00a0Le Campus WordPress\u00a0\u00bb, premier ouvrage francophone sur WordPress, paru chez Pearson.\u00a0En Ao\u00fbt 2011, il a co-fond\u00e9 Peaxl, une boutique de ventes de th\u00e8mes WordPress.<\/p>\n\t\t\t\t\t\t<\/div>\n\t\t\t\t\t<\/div>\n\t\t\t\t\n\t\t\t\t\t<\/div><div class=\"grid_6 omega\">\n\t\t\t\t\t<div id=\"julio-potier\" class=\"speaker clearfix odd post-302 wcb_speaker type-wcb_speaker status-publish hentry\" >\n\t\t\t\t\t\t<h3 class=\"entry-title speaker-name\">Julio Potier<\/h3>\n\t\t\t\t\t\t<div class=\"entry-content speaker-bio\">\n\t\t\t\t\t\t<img alt='' src='https:\/\/secure.gravatar.com\/avatar\/7f2fd2d51c2450990cb3fdfa75946d75b665b9d2bb1ddda8219009089163e321?s=102&#038;d=mm&#038;r=g' srcset='https:\/\/secure.gravatar.com\/avatar\/7f2fd2d51c2450990cb3fdfa75946d75b665b9d2bb1ddda8219009089163e321?s=204&#038;d=mm&#038;r=g 2x' class='avatar avatar-102 photo' height='102' width='102' \/><p>Julio Potier est consultant en s\u00e9curit\u00e9 web, d\u00e9veloppeur web et expert WordPress. En 2010, il cr\u00e9\u00e9 <a href=\"http:\/\/www.boiteaweb.fr\">boiteaweb.fr<\/a>. Il aime cr\u00e9er et s\u00e9curiser du contenu web, il est fan de WordPress depuis sa premi\u00e8re utilisation. Le d\u00e9veloppement d&rsquo;extensions et la s\u00e9curisation de sites font partie de son quotidien au travail. \u00ab\u00a0<em>Avec WordPress on peut tout faire sans tout refaire<\/em>.\u00a0\u00bb<\/p>\n\t\t\t\t\t\t<\/div>\n\t\t\t\t\t<\/div>\n\t\t\t\t\n\t\t\t\t\t\n\t\t\t\t\t<div id=\"michel-valdrighi\" class=\"speaker clearfix even post-315 wcb_speaker type-wcb_speaker status-publish hentry\" >\n\t\t\t\t\t\t<h3 class=\"entry-title speaker-name\">Michel Valdrighi<\/h3>\n\t\t\t\t\t\t<div class=\"entry-content speaker-bio\">\n\t\t\t\t\t\t<img alt='' src='https:\/\/secure.gravatar.com\/avatar\/d99021545a7201a48242bcaf472577e62288f0c89e53f6b833a47105f619fcf1?s=102&#038;d=mm&#038;r=g' srcset='https:\/\/secure.gravatar.com\/avatar\/d99021545a7201a48242bcaf472577e62288f0c89e53f6b833a47105f619fcf1?s=204&#038;d=mm&#038;r=g 2x' class='avatar avatar-102 photo' height='102' width='102' \/><p>Michel Valdrighi est d\u00e9veloppeur Web. En 2001, il a cr\u00e9\u00e9 l&rsquo;outil de blog <a href=\"http:\/\/cafelog.com\/\">b2\/cafelog<\/a>, qui sera repris <a href=\"http:\/\/ma.tt\/2003\/01\/the-blogging-software-dilemma\/\">en 2003<\/a> par Matt Mullenweg et Mike Little sous le nom de WordPress.<\/p>\n\t\t\t\t\t\t<\/div>\n\t\t\t\t\t<\/div>\n\t\t\t\t\n\t\t\t\t\t\n\t\t\t\t\t<div id=\"nicolas-juen\" class=\"speaker clearfix odd post-514 wcb_speaker type-wcb_speaker status-publish hentry\" >\n\t\t\t\t\t\t<h3 class=\"entry-title speaker-name\">Nicolas Juen<\/h3>\n\t\t\t\t\t\t<div class=\"entry-content speaker-bio\">\n\t\t\t\t\t\t<img alt='' src='https:\/\/secure.gravatar.com\/avatar\/a0bfa1a9c6e19765563b5c64e77d0ab0ebb58f8b90a094375990c9fd7dfb608c?s=102&#038;d=mm&#038;r=g' srcset='https:\/\/secure.gravatar.com\/avatar\/a0bfa1a9c6e19765563b5c64e77d0ab0ebb58f8b90a094375990c9fd7dfb608c?s=204&#038;d=mm&#038;r=g 2x' class='avatar avatar-102 photo' height='102' width='102' \/><p>Nicolas Juen est d\u00e9veloppeur WordPress chez BeApi depuis 2 ans. D\u00e9veloppeur web initialement, il s\u2019est sp\u00e9cialis\u00e9 dans WordPress suite \u00e0 sa rencontre avec Amaury Balmer. Fort de son exp\u00e9rience, il a cr\u00e9\u00e9 une extension qui est dans le r\u00e9pertoire officiel et participe \u00e0 3 autres, il partage aussi sur son blog ses astuces de d\u00e9veloppement.<\/p>\n\t\t\t\t\t\t<\/div>\n\t\t\t\t\t<\/div>\n\t\t\t\t\n\t\t\t\t\t\n\t\t\t\t\t<div id=\"pierre-couzy\" class=\"speaker clearfix even post-255 wcb_speaker type-wcb_speaker status-publish hentry\" >\n\t\t\t\t\t\t<h3 class=\"entry-title speaker-name\">Pierre Couzy<\/h3>\n\t\t\t\t\t\t<div class=\"entry-content speaker-bio\">\n\t\t\t\t\t\t<img alt='' src='https:\/\/secure.gravatar.com\/avatar\/d28d33e58db6248909d2599180e62b371dda4f216719f1f883f408ec4e3de3f3?s=102&#038;d=mm&#038;r=g' srcset='https:\/\/secure.gravatar.com\/avatar\/d28d33e58db6248909d2599180e62b371dda4f216719f1f883f408ec4e3de3f3?s=204&#038;d=mm&#038;r=g 2x' class='avatar avatar-102 photo' height='102' width='102' \/><p>Pierre Couzy anime des conf\u00e9rences depuis 1997 en France et \u00e0 l&rsquo;\u00e9tranger, g\u00e9n\u00e9ralement sur les architectures Web, la s\u00e9curit\u00e9 et l&rsquo;int\u00e9gration des applications d&rsquo;entreprise. Employ\u00e9 par Microsoft depuis 2006, il est actuellement en charge des relations techniques avec les d\u00e9veloppeurs, plus particuli\u00e8rement dans les domaines de l&rsquo;interop\u00e9rabilit\u00e9, du cloud et de la gestion d&rsquo;identit\u00e9.<\/p>\n\t\t\t\t\t\t<\/div>\n\t\t\t\t\t<\/div>\n\t\t\t\t\n\t\t\t<\/div>\n\t\t<\/div>\n\n\t\t\n","protected":false},"excerpt":{"rendered":"<p>Vous aurez l&rsquo;occasion de voir les pr\u00e9sentations des orateurs suivants lors de ce WordCamp Paris 2011.<\/p>\n","protected":false},"author":161212,"featured_media":0,"parent":0,"menu_order":0,"comment_status":"closed","ping_status":"closed","template":"template-full-width.php","meta":{"jetpack_post_was_ever_published":false,"footnotes":""},"class_list":["post-26","page","type-page","status-publish","hentry"],"jetpack_shortlink":"https:\/\/wp.me\/P1Jsfl-q","jetpack_sharing_enabled":true,"_links":{"self":[{"href":"https:\/\/paris.wordcamp.org\/2011\/wp-json\/wp\/v2\/pages\/26","targetHints":{"allow":["GET"]}}],"collection":[{"href":"https:\/\/paris.wordcamp.org\/2011\/wp-json\/wp\/v2\/pages"}],"about":[{"href":"https:\/\/paris.wordcamp.org\/2011\/wp-json\/wp\/v2\/types\/page"}],"author":[{"embeddable":true,"href":"https:\/\/paris.wordcamp.org\/2011\/wp-json\/wp\/v2\/users\/161212"}],"replies":[{"embeddable":true,"href":"https:\/\/paris.wordcamp.org\/2011\/wp-json\/wp\/v2\/comments?post=26"}],"version-history":[{"count":10,"href":"https:\/\/paris.wordcamp.org\/2011\/wp-json\/wp\/v2\/pages\/26\/revisions"}],"predecessor-version":[{"id":6316,"href":"https:\/\/paris.wordcamp.org\/2011\/wp-json\/wp\/v2\/pages\/26\/revisions\/6316"}],"wp:attachment":[{"href":"https:\/\/paris.wordcamp.org\/2011\/wp-json\/wp\/v2\/media?parent=26"}],"curies":[{"name":"wp","href":"https:\/\/api.w.org\/{rel}","templated":true}]}}