{"id":201,"date":"2011-10-29T16:35:48","date_gmt":"2011-10-29T14:35:48","guid":{"rendered":"https:\/\/2011.paris.wordcamp.org\/?page_id=201"},"modified":"2013-06-21T11:26:26","modified_gmt":"2013-06-21T09:26:26","slug":"page-daccueil","status":"publish","type":"page","link":"https:\/\/paris.wordcamp.org\/2011\/","title":{"rendered":"WordCamp Paris &#8211; 25 novembre 2011"},"content":{"rendered":"<p>Le WordCamp est un \u00e9v\u00e8nement avec comme th\u00e8me principal WordPress et son \u00e9cosyst\u00e8me.<\/p>\n<p>Ce WordCamp du 25 novembre 2011 est le premier \u00e9v\u00e8nement sous forme de conf\u00e9rence organis\u00e9 en France sur le sujet. Il sera organis\u00e9 au studio Raspail \u00e0 Paris.<\/p>\n<p>Les th\u00e8mes abord\u00e9s seront :<\/p>\n<ul>\n<li>Usages professionnels<\/li>\n<li>D\u00e9veloppement d&rsquo;extensions<\/li>\n<li>Conception de th\u00e8mes<\/li>\n<li>WordPress en tant que CMS<\/li>\n<li>&#8230;<\/li>\n<\/ul>\n<p>Ce WordCamp est organis\u00e9 par l&rsquo;association <a href=\"http:\/\/www.wordpress-fr.net\/\">WordPress-Francophone<\/a>.<\/p>\n<div><strong><a href=\"https:\/\/2011.paris.wordcamp.org\/votre-avis\/\">Donnez votre avis sur cette premi\u00e8re \u00e9dition !<\/a> <\/strong><\/div>\n","protected":false},"excerpt":{"rendered":"<p>Le WordCamp est un \u00e9v\u00e8nement avec comme th\u00e8me principal WordPress et son \u00e9cosyst\u00e8me. Ce WordCamp du 25 novembre 2011 est le premier \u00e9v\u00e8nement sous forme de conf\u00e9rence organis\u00e9 en France sur le sujet. Il sera organis\u00e9 au studio Raspail \u00e0 &hellip; <a href=\"https:\/\/paris.wordcamp.org\/2011\/\">Continuer la lecture <span class=\"screen-reader-text\">WordCamp Paris &#8211; 25 novembre 2011<\/span>  <span class=\"meta-nav\">&rarr;<\/span><\/a><\/p>\n","protected":false},"author":161212,"featured_media":0,"parent":0,"menu_order":0,"comment_status":"closed","ping_status":"closed","template":"","meta":{"jetpack_post_was_ever_published":false,"footnotes":""},"class_list":["post-201","page","type-page","status-publish","hentry"],"jetpack_shortlink":"https:\/\/wp.me\/P1Jsfl-3f","jetpack_sharing_enabled":false,"_links":{"self":[{"href":"https:\/\/paris.wordcamp.org\/2011\/wp-json\/wp\/v2\/pages\/201","targetHints":{"allow":["GET"]}}],"collection":[{"href":"https:\/\/paris.wordcamp.org\/2011\/wp-json\/wp\/v2\/pages"}],"about":[{"href":"https:\/\/paris.wordcamp.org\/2011\/wp-json\/wp\/v2\/types\/page"}],"author":[{"embeddable":true,"href":"https:\/\/paris.wordcamp.org\/2011\/wp-json\/wp\/v2\/users\/161212"}],"replies":[{"embeddable":true,"href":"https:\/\/paris.wordcamp.org\/2011\/wp-json\/wp\/v2\/comments?post=201"}],"version-history":[{"count":13,"href":"https:\/\/paris.wordcamp.org\/2011\/wp-json\/wp\/v2\/pages\/201\/revisions"}],"predecessor-version":[{"id":6322,"href":"https:\/\/paris.wordcamp.org\/2011\/wp-json\/wp\/v2\/pages\/201\/revisions\/6322"}],"wp:attachment":[{"href":"https:\/\/paris.wordcamp.org\/2011\/wp-json\/wp\/v2\/media?parent=201"}],"curies":[{"name":"wp","href":"https:\/\/api.w.org\/{rel}","templated":true}]}}