{"id":168,"date":"2011-10-22T15:12:55","date_gmt":"2011-10-22T13:12:55","guid":{"rendered":"https:\/\/2011.paris.wordcamp.org\/?page_id=168"},"modified":"2013-06-21T11:26:25","modified_gmt":"2013-06-21T09:26:25","slug":"la-salle","status":"publish","type":"page","link":"https:\/\/paris.wordcamp.org\/2011\/informations-pratiques\/la-salle\/","title":{"rendered":"La salle"},"content":{"rendered":"<p>G\u00e9r\u00e9 par la <a href=\"http:\/\/cacf.info\/\">CACF<\/a>, le <a href=\"http:\/\/www.studio-raspail.fr\/\">Studio Raspail<\/a> est une salle multi-activit\u00e9s mise \u00e0 la disposition des associations de personnel de France T\u00e9l\u00e9com et de La Poste, ainsi que des associations loi 1901 \u00e0 vocation culturelle ou artistique.<\/p>\n<p>Construit, ainsi que l&rsquo;immeuble, en 1932, il a longtemps \u00e9t\u00e9 un cin\u00e9ma d&rsquo;art et d&rsquo;essai g\u00e9r\u00e9 par des passionn\u00e9s, avant d&rsquo;\u00eatre rachet\u00e9 en 1982 par les PTT pour ses associations culturelles.<\/p>\n<p><a href=\"https:\/\/2011.paris.wordcamp.org\/files\/2011\/10\/salle_Raspail.jpg\"><img loading=\"lazy\" decoding=\"async\" data-attachment-id=\"236\" data-permalink=\"https:\/\/paris.wordcamp.org\/2011\/informations-pratiques\/la-salle\/salle_raspail\/\" data-orig-file=\"https:\/\/paris.wordcamp.org\/2011\/files\/2011\/10\/salle_Raspail.jpg\" data-orig-size=\"500,334\" data-comments-opened=\"1\" data-image-meta=\"{&quot;aperture&quot;:&quot;0&quot;,&quot;credit&quot;:&quot;&quot;,&quot;camera&quot;:&quot;&quot;,&quot;caption&quot;:&quot;&quot;,&quot;created_timestamp&quot;:&quot;0&quot;,&quot;copyright&quot;:&quot;&quot;,&quot;focal_length&quot;:&quot;0&quot;,&quot;iso&quot;:&quot;0&quot;,&quot;shutter_speed&quot;:&quot;0&quot;,&quot;title&quot;:&quot;&quot;}\" data-image-title=\"salle_Raspail\" data-image-description=\"\" data-image-caption=\"\" data-medium-file=\"https:\/\/paris.wordcamp.org\/2011\/files\/2011\/10\/salle_Raspail-300x200.jpg\" data-large-file=\"https:\/\/paris.wordcamp.org\/2011\/files\/2011\/10\/salle_Raspail.jpg\" class=\"aligncenter size-full wp-image-236\" title=\"salle_Raspail\" src=\"https:\/\/2011.paris.wordcamp.org\/files\/2011\/10\/salle_Raspail.jpg\" alt=\"\" width=\"500\" height=\"334\" srcset=\"https:\/\/paris.wordcamp.org\/2011\/files\/2011\/10\/salle_Raspail.jpg 500w, https:\/\/paris.wordcamp.org\/2011\/files\/2011\/10\/salle_Raspail-300x200.jpg 300w\" sizes=\"auto, (max-width: 500px) 100vw, 500px\" \/><\/a><\/p>\n","protected":false},"excerpt":{"rendered":"<p>G\u00e9r\u00e9 par la CACF, le Studio Raspail est une salle multi-activit\u00e9s mise \u00e0 la disposition des associations de personnel de France T\u00e9l\u00e9com et de La Poste, ainsi que des associations loi 1901 \u00e0 vocation culturelle ou artistique. Construit, ainsi que &hellip; <a href=\"https:\/\/paris.wordcamp.org\/2011\/informations-pratiques\/la-salle\/\">Continuer la lecture <span class=\"screen-reader-text\">La salle<\/span>  <span class=\"meta-nav\">&rarr;<\/span><\/a><\/p>\n","protected":false},"author":161212,"featured_media":236,"parent":162,"menu_order":0,"comment_status":"closed","ping_status":"closed","template":"","meta":{"jetpack_post_was_ever_published":false,"footnotes":""},"class_list":["post-168","page","type-page","status-publish","has-post-thumbnail","hentry"],"jetpack_shortlink":"https:\/\/wp.me\/P1Jsfl-2I","jetpack_sharing_enabled":true,"_links":{"self":[{"href":"https:\/\/paris.wordcamp.org\/2011\/wp-json\/wp\/v2\/pages\/168","targetHints":{"allow":["GET"]}}],"collection":[{"href":"https:\/\/paris.wordcamp.org\/2011\/wp-json\/wp\/v2\/pages"}],"about":[{"href":"https:\/\/paris.wordcamp.org\/2011\/wp-json\/wp\/v2\/types\/page"}],"author":[{"embeddable":true,"href":"https:\/\/paris.wordcamp.org\/2011\/wp-json\/wp\/v2\/users\/161212"}],"replies":[{"embeddable":true,"href":"https:\/\/paris.wordcamp.org\/2011\/wp-json\/wp\/v2\/comments?post=168"}],"version-history":[{"count":9,"href":"https:\/\/paris.wordcamp.org\/2011\/wp-json\/wp\/v2\/pages\/168\/revisions"}],"predecessor-version":[{"id":6312,"href":"https:\/\/paris.wordcamp.org\/2011\/wp-json\/wp\/v2\/pages\/168\/revisions\/6312"}],"up":[{"embeddable":true,"href":"https:\/\/paris.wordcamp.org\/2011\/wp-json\/wp\/v2\/pages\/162"}],"wp:featuredmedia":[{"embeddable":true,"href":"https:\/\/paris.wordcamp.org\/2011\/wp-json\/wp\/v2\/media\/236"}],"wp:attachment":[{"href":"https:\/\/paris.wordcamp.org\/2011\/wp-json\/wp\/v2\/media?parent=168"}],"curies":[{"name":"wp","href":"https:\/\/api.w.org\/{rel}","templated":true}]}}