{"id":162,"date":"2011-10-22T15:09:09","date_gmt":"2011-10-22T13:09:09","guid":{"rendered":"https:\/\/2011.paris.wordcamp.org\/?page_id=162"},"modified":"2013-06-21T11:26:25","modified_gmt":"2013-06-21T09:26:25","slug":"informations-pratiques","status":"publish","type":"page","link":"https:\/\/paris.wordcamp.org\/2011\/informations-pratiques\/","title":{"rendered":"Infos pratiques"},"content":{"rendered":"<p>Le WordCamp Paris 2011 se d\u00e9roule le vendredi 25 novembre, au Studio Raspail.<\/p>\n<p>Il s&rsquo;agit d&rsquo;une journ\u00e9e de conf\u00e9rence durant la journ\u00e9e enti\u00e8re, de 8h30 \u00e0 17h30, avec une pause pour le d\u00e9jeuner.<\/p>\n<p>Un petit-d\u00e9jeuner est compris, pas le d\u00e9jeuner.<\/p>\n","protected":false},"excerpt":{"rendered":"<p>Le WordCamp Paris 2011 se d\u00e9roule le vendredi 25 novembre, au Studio Raspail. Il s&rsquo;agit d&rsquo;une journ\u00e9e de conf\u00e9rence durant la journ\u00e9e enti\u00e8re, de 8h30 \u00e0 17h30, avec une pause pour le d\u00e9jeuner. Un petit-d\u00e9jeuner est compris, pas le d\u00e9jeuner.<\/p>\n","protected":false},"author":161212,"featured_media":0,"parent":0,"menu_order":0,"comment_status":"closed","ping_status":"closed","template":"","meta":{"jetpack_post_was_ever_published":false,"footnotes":""},"class_list":["post-162","page","type-page","status-publish","hentry"],"jetpack_shortlink":"https:\/\/wp.me\/P1Jsfl-2C","jetpack_sharing_enabled":true,"_links":{"self":[{"href":"https:\/\/paris.wordcamp.org\/2011\/wp-json\/wp\/v2\/pages\/162","targetHints":{"allow":["GET"]}}],"collection":[{"href":"https:\/\/paris.wordcamp.org\/2011\/wp-json\/wp\/v2\/pages"}],"about":[{"href":"https:\/\/paris.wordcamp.org\/2011\/wp-json\/wp\/v2\/types\/page"}],"author":[{"embeddable":true,"href":"https:\/\/paris.wordcamp.org\/2011\/wp-json\/wp\/v2\/users\/161212"}],"replies":[{"embeddable":true,"href":"https:\/\/paris.wordcamp.org\/2011\/wp-json\/wp\/v2\/comments?post=162"}],"version-history":[{"count":7,"href":"https:\/\/paris.wordcamp.org\/2011\/wp-json\/wp\/v2\/pages\/162\/revisions"}],"predecessor-version":[{"id":6310,"href":"https:\/\/paris.wordcamp.org\/2011\/wp-json\/wp\/v2\/pages\/162\/revisions\/6310"}],"wp:attachment":[{"href":"https:\/\/paris.wordcamp.org\/2011\/wp-json\/wp\/v2\/media?parent=162"}],"curies":[{"name":"wp","href":"https:\/\/api.w.org\/{rel}","templated":true}]}}